{"id":926,"date":"2023-04-28T10:38:20","date_gmt":"2023-04-28T10:38:20","guid":{"rendered":"https:\/\/www.annaestil.es\/?page_id=926"},"modified":"2025-09-16T06:52:39","modified_gmt":"2025-09-16T06:52:39","slug":"politica-de-cookies","status":"publish","type":"page","link":"https:\/\/www.annaestil.es\/ca\/politica-de-cookies\/","title":{"rendered":"Pol\u00edtica de cookies"},"content":{"rendered":"\r\n<p><strong>INFORMACI\u00d3N SOBRE LAS COOKIES<\/strong><\/p>\r\n\r\n\r\n\r\n<p>El dominio www.annaestil.es (con el nombre INFOCOACH) utiliza procedimientos autom\u00e1ticos de recogida de\u00a0<em>Cookies<\/em><strong>\u00a0<\/strong>para reunir informaci\u00f3n personal, como puede ser el tipo de navegador o el sistema operativo, p\u00e1gina de referencia, ruta, dominio ISSP, etc. Ello nos ayuda a adaptar esta p\u00e1gina web a tus necesidades personales y favorecer una mejor experiencia de usuario.<\/p>\r\n\r\n\r\n\r\n<p><strong>\u00bfQue son las Cookies?<\/strong><\/p>\r\n\r\n\r\n\r\n<p>Una c<em>ookie<\/em>\u00a0es un fichero de texto inofensivo que se almacena en tu navegador (Chrome, Firefox, etc) cuando visitas pr\u00e1cticamente cualquier p\u00e1gina web.<\/p>\r\n\r\n\r\n\r\n<p>La utilidad de la\u00a0<em>cookie<\/em>\u00a0es que la web que visitas recuerde tu visita cuando vuelvas a navegar por ella, de modo que te facilite la navegaci\u00f3n y te sea de ayuda. Es decir, como p\u00e1gina web nos ayuda a mejorar la calidad, permiti\u00e9ndonos as\u00ed personalizar hasta cierto punto la navegaci\u00f3n de cada persona usuaria en particular.\u00a0<\/p>\r\n\r\n\r\n\r\n<p>Aunque mucha gente no lo sabe, las\u00a0<em>cookies<\/em>\u00a0se llevan utilizando desde hace d\u00e9cadas. Adem\u00e1s, actualmente son esenciales para el funcionamiento de Internet, aportando innumerables ventajas en la prestaci\u00f3n de servicios interactivos y facilitando la navegaci\u00f3n.<\/p>\r\n\r\n\r\n\r\n<p>Recuerda que las\u00a0<em>cookies<\/em><strong>\u00a0<\/strong>no pueden da\u00f1ar tu equipo y que, a cambio, el hecho de que est\u00e9n activadas ayuda al responsable de la web a identificar y resolver errores y mejorar as\u00ed la navegabilidad en ella, proporcionando una mejor experiencia a las personas usuarias de la web.<\/p>\r\n\r\n\r\n\r\n<p><strong>\u00bfQu\u00e9 no es una Cookie?<\/strong><\/p>\r\n\r\n\r\n\r\n<p>No es un virus, ni un troyano, ni un gusano, ni spam, ni spyware, ni abre ventanas pop-up.<\/p>\r\n\r\n\r\n\r\n<p><strong>\u00bfQu\u00e9 informaci\u00f3n almacena una Cookie?<\/strong><\/p>\r\n\r\n\r\n\r\n<p>Las\u00a0<em>cookies<\/em>\u00a0no suelen almacenar informaci\u00f3n sensible sobre ti, como tarjetas de cr\u00e9dito o datos bancarios, fotograf\u00edas, tu DNI o informaci\u00f3n personal.<\/p>\r\n\r\n\r\n\r\n<p>Los datos que guardan son de car\u00e1cter t\u00e9cnico, preferencias personales, personalizaci\u00f3n de contenidos, etc. Por ejemplo, el idioma con el que navegas o el tama\u00f1o de la letra.<\/p>\r\n\r\n\r\n\r\n<p>El servidor web no te asocia a ti como persona, si no a tu navegador web. De hecho, si por ejemplo navegas habitualmente con Firefox y pruebas a navegar por la misma web con otros navegadores, como Microsoft Edge o Chrome, ver\u00e1s que la web no se da cuenta que eres la misma persona, porque en realidad te est\u00e1 asociando al navegador.<\/p>\r\n\r\n\r\n\r\n<p><strong>\u00bfQu\u00e9 tipo de Cookies existen?<\/strong><\/p>\r\n\r\n\r\n\r\n<p>Las\u00a0<em>cookies,<\/em><strong>\u00a0<\/strong>en funci\u00f3n del tiempo que se queden instaladas, pueden dividirse en\u00a0<em>cookies<\/em>\u00a0de sesi\u00f3n o permanentes. Las primeras expiran cuando el usuario cierra el navegador. Las segundas expiran cuando se cumple el objetivo para el que sirven o bien cuando se borran manualmente.<\/p>\r\n\r\n\r\n\r\n<p>Adem\u00e1s, en funci\u00f3n de su objetivo, las\u00a0<em>cookies<\/em><strong>\u00a0<\/strong>se pueden clasificar de la siguiente forma:<\/p>\r\n\r\n\r\n\r\n<p><strong>1) Cookies requeridas o t\u00e9cnicas:\u00a0<\/strong>son aquellas estrictamente necesarias e imprescindibles para el correcto funcionamiento de la p\u00e1gina web. Normalmente se generan cuando el usuario accede al sitio web o inicia sesi\u00f3n.<\/p>\r\n\r\n\r\n\r\n<p>Permiten, entre otras cosas, saber cu\u00e1ndo est\u00e1 navegando un humano o una aplicaci\u00f3n automatizada, cu\u00e1ndo navega un usuario an\u00f3nimo y uno registrado, tareas b\u00e1sicas para el funcionamiento de cualquier web din\u00e1mica.<\/p>\r\n\r\n\r\n\r\n<p>Adem\u00e1s, mantienen identificada a la persona usuaria, de manera que, si abandona el sitio web y en otro momento vuelve a acceder a ella, el navegador o el dispositivo seguir\u00e1 identificado a esa persona usuaria, facilitando as\u00ed su navegaci\u00f3n sin tener que volver a identificarse.<\/p>\r\n\r\n\r\n\r\n<p>Del mismo modo, estas\u00a0<em>Cookies<\/em>\u00a0tambi\u00e9n sirven para comprobar si el usuario est\u00e1 autorizado para acceder a ciertos servicios o zonas del sitio web.\u00a0<\/p>\r\n\r\n\r\n\r\n<p><strong>2) Cookies de preferencia:\u00a0<\/strong>Permiten registrar toda aquella informaci\u00f3n relacionada con la forma en que se comporta la web o su aspecto, como por ejemplo el idioma usado o la regi\u00f3n desde donde se accede.<\/p>\r\n\r\n\r\n\r\n<p><strong>3) Cookies estad\u00edsticas \/ anal\u00edticas:\u00a0<\/strong>Se utilizan para analizar y mejorar la experiencia de navegaci\u00f3n, optimizar el funcionamiento del sitio web, y ver c\u00f3mo interact\u00faan las personas visitantes. Recogen informaci\u00f3n sobre el tipo de navegaci\u00f3n que est\u00e1s realizando, las secciones que m\u00e1s utilizas, productos consultados, franja horaria habitual, idioma, etc.<\/p>\r\n\r\n\r\n\r\n<p><strong>4)\u00a0<\/strong><strong>De marketing:\u00a0<\/strong>Estas Cookies sirven para que, en los espacios de las webs, v\u00eddeos o redes sociales reservados a publicidad, aparezcan anuncios que puedan ser de tu inter\u00e9s, y no cualquier anuncio aleatorio. Este posible inter\u00e9s se deduce en funci\u00f3n de tus preferencias de navegaci\u00f3n, tu pa\u00eds de procedencia o idioma. Tambi\u00e9n son aquellas Cookies que recaban informaci\u00f3n sobre los anuncios mostrados a los usuarios del sitio web.\u00a0<\/p>\r\n\r\n\r\n\r\n<p><strong>5) De geolocalizaci\u00f3n:\u00a0<\/strong>Estas Cookies se utilizan para situar en qu\u00e9 pa\u00eds o regi\u00f3n se encuentra la persona usuaria que accede a un servicio del sitio web, de modo que pueda ofrecer contenidos o servicios adecuados a su localizaci\u00f3n.<\/p>\r\n\r\n\r\n\r\n<p><strong>\u00bfQu\u00e9 son las Cookies propias y las de terceros?<\/strong><\/p>\r\n\r\n\r\n\r\n<p>Las\u00a0<em>cookies propias<\/em>\u00a0son las generadas por la p\u00e1gina que est\u00e1s visitando y las\u00a0<em>de terceros<\/em>\u00a0son las generadas por servicios o proveedores externos, como Facebook, Twitter o Google.<\/p>\r\n\r\n\r\n\r\n<p><strong>\u00bfQu\u00e9 ocurre si desactivo las Cookies?<\/strong><\/p>\r\n\r\n\r\n\r\n<p>Para que entiendas el alcance que puede tener desactivar las\u00a0<em>cookies<\/em>, se muestran unos ejemplos:<\/p>\r\n\r\n\r\n\r\n<ul class=\"wp-block-list\">\r\n<li>No podr\u00e1s compartir contenidos de esa web en Facebook, Twitter o cualquier otra red social.<\/li>\r\n\r\n\r\n\r\n<li>El sitio web no podr\u00e1 adaptar los contenidos a tus preferencias personales, como suele ocurrir en las tiendas online.<\/li>\r\n\r\n\r\n\r\n<li>No podr\u00e1s acceder al \u00e1rea personal de esa web, como por ejemplo\u00a0<em>Mi cuenta<\/em>, o\u00a0<em>Mi perfil<\/em>\u00a0o\u00a0<em>Mis pedidos<\/em>.<\/li>\r\n\r\n\r\n\r\n<li>Tiendas online: No podr\u00e1s realizar compras por v\u00eda digital. Tendr\u00e1n que ser telef\u00f3nicas o visitando la tienda f\u00edsica, si es que dispone de ella.<\/li>\r\n\r\n\r\n\r\n<li>No ser\u00e1 posible personalizar tus preferencias geogr\u00e1ficas como franja horaria, divisa o idioma.<\/li>\r\n\r\n\r\n\r\n<li>El sitio web no podr\u00e1 realizar anal\u00edticas web sobre visitantes y tr\u00e1fico en la web, lo que dificultar\u00e1 que la web sea competitiva.<\/li>\r\n\r\n\r\n\r\n<li>No podr\u00e1s escribir en el blog, no podr\u00e1s subir fotos, publicar comentarios, valorar o puntuar contenidos. La web tampoco podr\u00e1 saber si t\u00fa eres un humano o una aplicaci\u00f3n automatizada que publica\u00a0<em>spam<\/em>.<\/li>\r\n\r\n\r\n\r\n<li>No se podr\u00e1 mostrar publicidad personalizada o por sectores, lo que reducir\u00e1 los ingresos publicitarios de la web.<\/li>\r\n\r\n\r\n\r\n<li>Todas las redes sociales usan\u00a0<em>cookies.<\/em>\u00a0Si las desactivas no podr\u00e1s utilizar ninguna red social.<\/li>\r\n<\/ul>\r\n\r\n\r\n\r\n<p><strong>\u00bfSe pueden eliminar las cookies?<\/strong><\/p>\r\n\r\n\r\n\r\n<p>La respuesta es, s\u00ed. Y no s\u00f3lo eliminar, tambi\u00e9n bloquear, de forma general o particular para un dominio espec\u00edfico.<\/p>\r\n\r\n\r\n\r\n<p>Para eliminar las\u00a0<em>cookies<\/em>\u00a0de un sitio web concreto debes ir a la configuraci\u00f3n de tu navegador y all\u00ed podr\u00e1s buscar las asociadas a ese dominio y eliminar sus\u00a0<em>cookies<\/em>.\u00a0<\/p>\r\n\r\n\r\n\r\n<p><strong>Desactivaci\u00f3n o eliminaci\u00f3n de cookies<\/strong><\/p>\r\n\r\n\r\n\r\n<p>En cualquier momento podr\u00e1s ejercer tu derecho de desactivaci\u00f3n o eliminaci\u00f3n de cookies de este sitio web. Estas acciones se realizan de forma diferente en funci\u00f3n del navegador que est\u00e9 usando.<\/p>\r\n\r\n\r\n\r\n<p><strong>Configuraci\u00f3n y gesti\u00f3n de cookies<\/strong><\/p>\r\n\r\n\r\n\r\n<p>Para m\u00e1s informaci\u00f3n sobre la configuraci\u00f3n personalizada de las cookies o para acceder a las opciones de activaci\u00f3n, restricci\u00f3n y \/ o inhabilitaci\u00f3n, se puede acudir a la secci\u00f3n de ayuda de tu navegador, para conocer m\u00e1s:<\/p>\r\n\r\n\r\n\r\n<figure class=\"wp-block-table\">\r\n<table>\r\n<tbody>\r\n<tr>\r\n<td><strong>Google Chrome<\/strong><\/td>\r\n<td><a href=\"https:\/\/translate.google.com\/translate?hl=es&amp;prev=_t&amp;sl=auto&amp;tl=es&amp;u=http:\/\/support.google.com\/chrome\/bin\/answer.py%3Fhl%3Des%26answer%3D95647\">http:\/\/support.google.com\/chrome\/bin\/answer.py?hl=es&amp;answer=95647<\/a><\/td>\r\n<\/tr>\r\n<tr>\r\n<td><strong>Mozilla Firefox<\/strong><\/td>\r\n<td><a href=\"https:\/\/support.mozilla.org\/es\/kb\/Deshabilitar%20cookies%20de%20terceros\">https:\/\/support.mozilla.org\/es\/kb\/Deshabilitar%20cookies%20de%20terceros<\/a><\/td>\r\n<\/tr>\r\n<tr>\r\n<td><strong>Apple Safari<\/strong><\/td>\r\n<td><a href=\"https:\/\/translate.google.com\/translate?hl=es&amp;prev=_t&amp;sl=auto&amp;tl=es&amp;u=http:\/\/support.apple.com\/kb\/ph5042\">http:\/\/support.apple.com\/kb\/ph5042<\/a><\/td>\r\n<\/tr>\r\n<tr>\r\n<td><strong>Microsoft Edge<\/strong><\/td>\r\n<td><a href=\"https:\/\/support.microsoft.com\/es-es\/microsoft-edge\/eliminar-las-cookies-en-microsoft-edge-63947406-40ac-c3b8-57b9-2a946a29ae09\">https:\/\/support.microsoft.com\/es-es\/microsoft-edge\/eliminar-las-cookies-en-microsoft-edge-63947406-40ac-c3b8-57b9-2a946a29ae09<\/a><\/td>\r\n<\/tr>\r\n<tr>\r\n<td><strong>Internet Explorer<\/strong><\/td>\r\n<td><a href=\"https:\/\/translate.google.com\/translate?hl=es&amp;prev=_t&amp;sl=auto&amp;tl=es&amp;u=http:\/\/support.microsoft.com\/es-es\/help\/17442\/windows-internet-explorer-delete-manage-cookies\">http:\/\/support.microsoft.com\/es-es\/help\/17442\/windows-internet-explorer-delete-manage-cookies<\/a><\/td>\r\n<\/tr>\r\n<\/tbody>\r\n<\/table>\r\n<\/figure>\r\n\r\n\r\n\r\n<p><strong>Actualizaci\u00f3n de la Pol\u00edtica e informaci\u00f3n de Cookies<\/strong><\/p>\r\n\r\n\r\n\r\n<p>El responsable de esta web puede modificar esta Pol\u00edtica de Cookies en funci\u00f3n de las exigencias legislativas, reglamentarias, o con el fin de adaptar esta pol\u00edtica a las instrucciones dictadas.<\/p>\r\n\r\n\r\n\r\n<p>Este documento ha sido modificado por \u00faltima vez y publicado en fecha 19 de agosto de 2022.<\/p>\r\n\r\n\r\n\r\n<div class=\"wp-block-spacer\" style=\"height: 100px;\" aria-hidden=\"true\">\u00a0<\/div>\r\n","protected":false},"excerpt":{"rendered":"<p>INFORMACI\u00d3N SOBRE LAS COOKIES El dominio www.annaestil.es (con el nombre INFOCOACH) utiliza procedimientos autom\u00e1ticos de recogida de\u00a0Cookies\u00a0para reunir informaci\u00f3n personal, como puede ser el tipo de navegador o el sistema operativo, p\u00e1gina de referencia, ruta, dominio ISSP, etc. Ello nos ayuda a adaptar esta p\u00e1gina web a tus necesidades personales y favorecer una mejor experiencia [&hellip;]<\/p>\n","protected":false},"author":3,"featured_media":0,"parent":0,"menu_order":0,"comment_status":"closed","ping_status":"closed","template":"","meta":{"_et_pb_use_builder":"off","_et_pb_old_content":"","_et_gb_content_width":"1080","inline_featured_image":false,"_joinchat":[],"footnotes":""},"class_list":["post-926","page","type-page","status-publish","hentry"],"yoast_head":"<!-- This site is optimized with the Yoast SEO plugin v27.6 - https:\/\/yoast.com\/product\/yoast-seo-wordpress\/ -->\n<title>Pol\u00edtica de cookies - Anna Esil\u00b7les<\/title>\n<meta name=\"robots\" content=\"noindex, nofollow\" \/>\n<meta property=\"og:locale\" content=\"ca_ES\" \/>\n<meta property=\"og:type\" content=\"article\" \/>\n<meta property=\"og:title\" content=\"Pol\u00edtica de cookies - Anna Esil\u00b7les\" \/>\n<meta property=\"og:description\" content=\"INFORMACI\u00d3N SOBRE LAS COOKIES El dominio www.annaestil.es (con el nombre INFOCOACH) utiliza procedimientos autom\u00e1ticos de recogida de\u00a0Cookies\u00a0para reunir informaci\u00f3n personal, como puede ser el tipo de navegador o el sistema operativo, p\u00e1gina de referencia, ruta, dominio ISSP, etc. Ello nos ayuda a adaptar esta p\u00e1gina web a tus necesidades personales y favorecer una mejor experiencia [&hellip;]\" \/>\n<meta property=\"og:url\" content=\"https:\/\/www.annaestil.es\/ca\/politica-de-cookies\/\" \/>\n<meta property=\"og:site_name\" content=\"Anna Esil\u00b7les\" \/>\n<meta property=\"article:modified_time\" content=\"2025-09-16T06:52:39+00:00\" \/>\n<meta name=\"twitter:card\" content=\"summary_large_image\" \/>\n<meta name=\"twitter:label1\" content=\"Temps estimat de lectura\" \/>\n\t<meta name=\"twitter:data1\" content=\"6 minuts\" \/>\n<script type=\"application\/ld+json\" class=\"yoast-schema-graph\">{\"@context\":\"https:\\\/\\\/schema.org\",\"@graph\":[{\"@type\":\"WebPage\",\"@id\":\"https:\\\/\\\/www.annaestil.es\\\/ca\\\/politica-de-cookies\\\/\",\"url\":\"https:\\\/\\\/www.annaestil.es\\\/ca\\\/politica-de-cookies\\\/\",\"name\":\"Pol\u00edtica de cookies - Anna Esil\u00b7les\",\"isPartOf\":{\"@id\":\"https:\\\/\\\/www.annaestil.es\\\/ca\\\/#website\"},\"datePublished\":\"2023-04-28T10:38:20+00:00\",\"dateModified\":\"2025-09-16T06:52:39+00:00\",\"breadcrumb\":{\"@id\":\"https:\\\/\\\/www.annaestil.es\\\/ca\\\/politica-de-cookies\\\/#breadcrumb\"},\"inLanguage\":\"ca\",\"potentialAction\":[{\"@type\":\"ReadAction\",\"target\":[\"https:\\\/\\\/www.annaestil.es\\\/ca\\\/politica-de-cookies\\\/\"]}]},{\"@type\":\"BreadcrumbList\",\"@id\":\"https:\\\/\\\/www.annaestil.es\\\/ca\\\/politica-de-cookies\\\/#breadcrumb\",\"itemListElement\":[{\"@type\":\"ListItem\",\"position\":1,\"name\":\"Portada\",\"item\":\"https:\\\/\\\/www.annaestil.es\\\/ca\\\/\"},{\"@type\":\"ListItem\",\"position\":2,\"name\":\"Pol\u00edtica de cookies\"}]},{\"@type\":\"WebSite\",\"@id\":\"https:\\\/\\\/www.annaestil.es\\\/ca\\\/#website\",\"url\":\"https:\\\/\\\/www.annaestil.es\\\/ca\\\/\",\"name\":\"Anna Esil\u00b7les\",\"description\":\"Coach de Bienestar Familiar y Personal\",\"potentialAction\":[{\"@type\":\"SearchAction\",\"target\":{\"@type\":\"EntryPoint\",\"urlTemplate\":\"https:\\\/\\\/www.annaestil.es\\\/ca\\\/?s={search_term_string}\"},\"query-input\":{\"@type\":\"PropertyValueSpecification\",\"valueRequired\":true,\"valueName\":\"search_term_string\"}}],\"inLanguage\":\"ca\"}]}<\/script>\n<!-- \/ Yoast SEO plugin. -->","yoast_head_json":{"title":"Pol\u00edtica de cookies - Anna Esil\u00b7les","robots":{"index":"noindex","follow":"nofollow"},"og_locale":"ca_ES","og_type":"article","og_title":"Pol\u00edtica de cookies - Anna Esil\u00b7les","og_description":"INFORMACI\u00d3N SOBRE LAS COOKIES El dominio www.annaestil.es (con el nombre INFOCOACH) utiliza procedimientos autom\u00e1ticos de recogida de\u00a0Cookies\u00a0para reunir informaci\u00f3n personal, como puede ser el tipo de navegador o el sistema operativo, p\u00e1gina de referencia, ruta, dominio ISSP, etc. Ello nos ayuda a adaptar esta p\u00e1gina web a tus necesidades personales y favorecer una mejor experiencia [&hellip;]","og_url":"https:\/\/www.annaestil.es\/ca\/politica-de-cookies\/","og_site_name":"Anna Esil\u00b7les","article_modified_time":"2025-09-16T06:52:39+00:00","twitter_card":"summary_large_image","twitter_misc":{"Temps estimat de lectura":"6 minuts"},"schema":{"@context":"https:\/\/schema.org","@graph":[{"@type":"WebPage","@id":"https:\/\/www.annaestil.es\/ca\/politica-de-cookies\/","url":"https:\/\/www.annaestil.es\/ca\/politica-de-cookies\/","name":"Pol\u00edtica de cookies - Anna Esil\u00b7les","isPartOf":{"@id":"https:\/\/www.annaestil.es\/ca\/#website"},"datePublished":"2023-04-28T10:38:20+00:00","dateModified":"2025-09-16T06:52:39+00:00","breadcrumb":{"@id":"https:\/\/www.annaestil.es\/ca\/politica-de-cookies\/#breadcrumb"},"inLanguage":"ca","potentialAction":[{"@type":"ReadAction","target":["https:\/\/www.annaestil.es\/ca\/politica-de-cookies\/"]}]},{"@type":"BreadcrumbList","@id":"https:\/\/www.annaestil.es\/ca\/politica-de-cookies\/#breadcrumb","itemListElement":[{"@type":"ListItem","position":1,"name":"Portada","item":"https:\/\/www.annaestil.es\/ca\/"},{"@type":"ListItem","position":2,"name":"Pol\u00edtica de cookies"}]},{"@type":"WebSite","@id":"https:\/\/www.annaestil.es\/ca\/#website","url":"https:\/\/www.annaestil.es\/ca\/","name":"Anna Esil\u00b7les","description":"Coach de Bienestar Familiar y Personal","potentialAction":[{"@type":"SearchAction","target":{"@type":"EntryPoint","urlTemplate":"https:\/\/www.annaestil.es\/ca\/?s={search_term_string}"},"query-input":{"@type":"PropertyValueSpecification","valueRequired":true,"valueName":"search_term_string"}}],"inLanguage":"ca"}]}},"_links":{"self":[{"href":"https:\/\/www.annaestil.es\/ca\/wp-json\/wp\/v2\/pages\/926","targetHints":{"allow":["GET"]}}],"collection":[{"href":"https:\/\/www.annaestil.es\/ca\/wp-json\/wp\/v2\/pages"}],"about":[{"href":"https:\/\/www.annaestil.es\/ca\/wp-json\/wp\/v2\/types\/page"}],"author":[{"embeddable":true,"href":"https:\/\/www.annaestil.es\/ca\/wp-json\/wp\/v2\/users\/3"}],"replies":[{"embeddable":true,"href":"https:\/\/www.annaestil.es\/ca\/wp-json\/wp\/v2\/comments?post=926"}],"version-history":[{"count":3,"href":"https:\/\/www.annaestil.es\/ca\/wp-json\/wp\/v2\/pages\/926\/revisions"}],"predecessor-version":[{"id":11618,"href":"https:\/\/www.annaestil.es\/ca\/wp-json\/wp\/v2\/pages\/926\/revisions\/11618"}],"wp:attachment":[{"href":"https:\/\/www.annaestil.es\/ca\/wp-json\/wp\/v2\/media?parent=926"}],"curies":[{"name":"wp","href":"https:\/\/api.w.org\/{rel}","templated":true}]}}